{"id":2558,"date":"2025-09-07T08:33:06","date_gmt":"2025-09-07T08:33:06","guid":{"rendered":"https:\/\/evolutt.com\/evolutt\/?page_id=2558"},"modified":"2025-09-12T13:04:17","modified_gmt":"2025-09-12T13:04:17","slug":"aviso-legal-privacidad-cookies","status":"publish","type":"page","link":"https:\/\/evolutt.com\/evolutt\/aviso-legal-privacidad-cookies\/","title":{"rendered":"Pol\u00edtica de privacidad y cookies"},"content":{"rendered":"<p>10 de la Ley 34\/2002, de 11 de julio, de Servicios de la Sociedad de la Informaci\u00f3n y del Comercio Electr\u00f3nico, a continuaci\u00f3n se declara a historytoons.com como un sitio web personal gestionado por Francisco Fern\u00e1ndez Uribe con DNI 39887355L con domicilio en Tarragona (Espa\u00f1a).<\/p>\n<p>Historytoons.com te informa que los datos de car\u00e1cter personal que nos proporciones ser\u00e1n tratados por Francisco Fern\u00e1ndez Uribe como responsable de esta web. No se comunicar\u00e1n los datos a terceros salvo por obligaci\u00f3n legal. Tu legitimaci\u00f3n se realiza a trav\u00e9s del consentimiento. Podr\u00e1s ejercer tus derechos de acceso, rectificaci\u00f3n, limitaci\u00f3n y suprimir los datos en info@evolutt.com as\u00ed como el derecho a presentar una reclamaci\u00f3n ante una autoridad de control. Para m\u00e1s informaci\u00f3n, consulta nuestra pol\u00edtica de privacidad.<\/p>\n<p>&nbsp;<\/p>\n<h1><strong>TITULARIDAD DE LA WEB<\/strong><\/h1>\n<p>En cumplimiento con el deber de informaci\u00f3n recogido en art\u00edculo 10 de la Ley 34\/2002, de 11 de julio, de Servicios de la Sociedad de la Informaci\u00f3n y del Comercio Electr\u00f3nico a continuaci\u00f3n se declara a historytoons.com como un comercio electr\u00f3nico gestionado por Francisco Fern\u00e1ndez Uribe con DNI 39887355L con domicilio en Tarragona (Espa\u00f1a).<\/p>\n<p>Titular: Francisco Fern\u00e1ndez Uribe<br \/>\nNIF: 39887355L<br \/>\nDirecci\u00f3n: Carrer Violant d\u2019Hongria 16, 1er 2a, 43007 Tarragona<br \/>\nTel\u00e9fono: +34 616 929 640<br \/>\nActividad: Dibujante, Ilustrador y Autor<br \/>\nCorreo electr\u00f3nico: info@evolutt.com<br \/>\nFinalidad de esta web: informaci\u00f3n de servicios<\/p>\n<p>&nbsp;<\/p>\n<h1><strong>PROTECCI\u00d3N DE DATOS PERSONALES<\/strong><\/h1>\n<p>historytoons.com cumplen con las reglas de la regulaci\u00f3n general de protecci\u00f3n de datos (GDPR) haciendo todos los esfuerzos posibles para mantener todos los datos recopilados seguros, protegidos y confidenciales. Se han adoptado todas las medidas t\u00e9cnicas y de organizaci\u00f3n necesarias para garantizar la seguridad e integridad de los datos de car\u00e1cter personal que trate, as\u00ed como para evitar su p\u00e9rdida, alteraci\u00f3n y\/o acceso por parte de terceros no autorizados.<\/p>\n<p>Responsable del tratamiento: Francisco Fern\u00e1ndez Uribe<br \/>\nDatos de contacto del responsable: info@evolutt.com<\/p>\n<p>De conformidad con lo establecido en el Reglamento General de Protecci\u00f3n de Datos de car\u00e1cter personal, le informamos que sus datos ser\u00e1n incorporados al sistema de tratamiento de historytoons.com con la finalidad de la correcta ejecuci\u00f3n de los pedidos, as\u00ed como con fines comerciales y publicitarios, respecto de productos, servicios, ofertas, promociones relativos a productos disponibles en este sitio web. En cumplimiento con la normativa vigente, historytoons.com informa que los datos personales proporcionados ser\u00e1n conservados mientras se mantenga la prestaci\u00f3n de servicio y\/o para posibles responsabilidades legales.<\/p>\n<p>La base jur\u00eddica del tratamiento es el consentimiento prestado por usted al aceptar esta pol\u00edtica de privacidad. No se ceder\u00e1n los datos a terceros, salvo obligaci\u00f3n legal.<\/p>\n<p>Mientras no nos comunique lo contrario, entenderemos que sus datos no han sido modificados, que usted se compromete a notificarnos cualquier variaci\u00f3n y que tenemos su consentimiento para utilizarlos para las finalidades mencionadas.<\/p>\n<p>De acuerdo con los derechos que le confiere la normativa vigente en protecci\u00f3n de datos podr\u00e1 ejercer los derechos de acceso, rectificaci\u00f3n, limitaci\u00f3n de tratamiento, supresi\u00f3n, portabilidad y oposici\u00f3n al tratamiento de sus datos de car\u00e1cter personal, as\u00ed como del consentimiento prestado para el tratamiento de los mismos, dirigiendo su petici\u00f3n a la direcci\u00f3n postal indicada m\u00e1s arriba o al correo electr\u00f3nico historytoons@historytoons.com. Para poder comprobar la identidad de la persona que ejerce sus derechos y ejecutarlos de forma correcta e inequ\u00edvoca, ser\u00e1 necesario que se adjunte una fotocopia del D.N.I sea cual sea la v\u00eda elegida para ello.<\/p>\n<p>Podr\u00e1 dirigirse a la Autoridad de Control competente para presentar la reclamaci\u00f3n que considere oportuna.<\/p>\n<h1>CONSENTIMIENTO AL TRATAMIENTO DE LOS DATOS PERSONALES DEL USUARIO<\/h1>\n<p>Historytoons.com dispone de la posibilidad de registro de usuarios para el env\u00edo de comunicaciones por correo electr\u00f3nico, efectuar comentarios en el blog y enviar mensajes a trav\u00e9s del formulario de contacto.<\/p>\n<p>El usuario, mediante los actos de suscripci\u00f3n al blog, la realizaci\u00f3n, comentarios o el formulario de contacto, estar\u00e1 dando su consentimiento expreso al tratamiento de los personales proporcionados seg\u00fan lo dispuesto en el art\u00edculo 6 de la LOPD. El usuario podr\u00e1 ejercer sus derechos en los t\u00e9rminos dispuestos por el art\u00edculo 5 de la LOPD.<\/p>\n<p>Los datos de car\u00e1cter personal solicitados en estas actividades, quedar\u00e1n incorporados a un fichero cuya finalidad es remitir informaci\u00f3n sobre la actualizaci\u00f3n de contenidos de la p\u00e1gina web actuando como responsable del fichero el prestador.<\/p>\n<h1><strong>COMUNICACIONES COMERCIALES<\/strong><\/h1>\n<p>En cumplimiento de lo preceptuado en el art\u00edculo 21 de la LSSI, le informamos que cuando existe una relaci\u00f3n contractual previa, los datos del correo electr\u00f3nico proporcionados por el usuario podr\u00e1n ser utilizados para el env\u00edo de comunicaciones comerciales referentes a productos o servicios que sean inicialmente objeto de la contrataci\u00f3n con el cliente.<\/p>\n<p>Historytoons.com se declara completamente en contra del env\u00edo de comunicaciones comerciales no solicitadas y a cualquier tipo de conducta o manifestaci\u00f3n conocida como \u201cspam\u201d, asimismo se declara comprometido con la lucha contra este tipo de pr\u00e1cticas abusivas.<\/p>\n<p>Existe la posibilidad de oponerse al env\u00edo de comunicaciones comerciales en cada una de las comunicaciones comerciales que se les dirija, todo ello de forma gratuita. Al oponerse, el usuario indicar\u00e1 no consentir que sus datos personales sean tratados y comunicados con fines comerciales y publicitarios, respecto de productos, servicios, ofertas, promociones relativas a productos an\u00e1logos a los contratados; realizar encuestas, estad\u00edsticas y an\u00e1lisis de tendencias de mercado; y elaborar perfiles del Usuario al objeto de personalizar y mejorar el servicio evolutt.com .<\/p>\n<p>En cualquier momento el usuario puede darse de baja enviando una petici\u00f3n de baja a info@evolutt.com .<\/p>\n<p>Los datos personales que tratamos en evolutt.com que provienen de una relaci\u00f3n contractual previa proceden de varias fuentes todas directamente relacionadas con la prestaci\u00f3n de los servicios que nos ha solicitado que le prestemos y para el normal mantenimiento de una comunicaci\u00f3n fluida entre ambas partes.<\/p>\n<p><strong>CATEGOR\u00cdAS DE DATOS TRATADOS<\/strong><\/p>\n<p><strong>Identificativos:<\/strong><br \/>\n\u2013 Nombre y Apellidos.<br \/>\n\u2013 Direcci\u00f3n postal.<br \/>\n\u2013 DNI\/NIF\/CIF<br \/>\n\u2013 Tel\u00e9fonos.<br \/>\n\u2013 Direcci\u00f3n de correo electr\u00f3nico.<br \/>\n\u2013 Firma.<\/p>\n<p><strong>Datos bancarios:<\/strong><br \/>\nTodos los necesarios para la gesti\u00f3n de cobros y pagos, como n\u00famero de cuenta bancaria, tarjetas de cr\u00e9dito\/d\u00e9bito, medios de pago electr\u00f3nicos y\/o virtuales y otros medios de pago.<\/p>\n<p><strong>Categor\u00edas de datos especiales:<\/strong><br \/>\n\u2013 No se tratan categor\u00edas especiales.<\/p>\n<h1>USO DE COOKIES<\/h1>\n<p>Todos los datos que se recopilan en esta web se procesan a trav\u00e9s de cookies cumpliendo con las reglas de la regulaci\u00f3n general de protecci\u00f3n de datos (GDPR).<\/p>\n<p>Historytoons.com utiliza cookies cuando un usuario navega por el sitio web. Las cookies son ficheros enviados al navegador por medio de un servidor web con la finalidad de registrar las actividades del usuario durante su tiempo de navegaci\u00f3n.<\/p>\n<p>Las cookies utilizadas por el sitio web se asocian \u00fanicamente con un usuario an\u00f3nimo y su ordenador, y no proporcionan por s\u00ed mismas los datos personales del usuario.<\/p>\n<p>El usuario tiene la posibilidad de configurar su navegador para ser avisado de la recepci\u00f3n de cookies y para impedir su instalaci\u00f3n en su equipo. Por favor, consulte las instrucciones y manuales de su navegador para ampliar esta informaci\u00f3n.<\/p>\n<p>En ning\u00fan caso se utilizar\u00e1n las cookies para recoger informaci\u00f3n de car\u00e1cter personal.<\/p>\n<h1>POL\u00cdTICA ANTI-SPAM<\/h1>\n<p>Historytoons.com se declara completamente en contra del env\u00edo de comunicaciones comerciales no solicitadas y a cualquier tipo de conducta o manifestaci\u00f3n conocida como \u201cspam\u201d, asimismo se declara comprometido con la lucha contra este tipo de pr\u00e1cticas abusivas.<\/p>\n<p>&nbsp;<\/p>\n","protected":false},"excerpt":{"rendered":"<p>10 de la Ley 34\/2002, de 11 de julio, de Servicios de la Sociedad de la Informaci\u00f3n y del Comercio Electr\u00f3nico, a continuaci\u00f3n se declara a historytoons.com como un sitio web personal gestionado por Francisco Fern\u00e1ndez Uribe con DNI 39887355L con domicilio en Tarragona (Espa\u00f1a). Historytoons.com te informa que los datos de car\u00e1cter personal que [&hellip;]<\/p>\n","protected":false},"author":2,"featured_media":0,"parent":0,"menu_order":0,"comment_status":"closed","ping_status":"closed","template":"","meta":{"_et_pb_use_builder":"","_et_pb_old_content":"","_et_gb_content_width":"","footnotes":""},"class_list":["post-2558","page","type-page","status-publish","hentry"],"_links":{"self":[{"href":"https:\/\/evolutt.com\/evolutt\/wp-json\/wp\/v2\/pages\/2558","targetHints":{"allow":["GET"]}}],"collection":[{"href":"https:\/\/evolutt.com\/evolutt\/wp-json\/wp\/v2\/pages"}],"about":[{"href":"https:\/\/evolutt.com\/evolutt\/wp-json\/wp\/v2\/types\/page"}],"author":[{"embeddable":true,"href":"https:\/\/evolutt.com\/evolutt\/wp-json\/wp\/v2\/users\/2"}],"replies":[{"embeddable":true,"href":"https:\/\/evolutt.com\/evolutt\/wp-json\/wp\/v2\/comments?post=2558"}],"version-history":[{"count":2,"href":"https:\/\/evolutt.com\/evolutt\/wp-json\/wp\/v2\/pages\/2558\/revisions"}],"predecessor-version":[{"id":2560,"href":"https:\/\/evolutt.com\/evolutt\/wp-json\/wp\/v2\/pages\/2558\/revisions\/2560"}],"wp:attachment":[{"href":"https:\/\/evolutt.com\/evolutt\/wp-json\/wp\/v2\/media?parent=2558"}],"curies":[{"name":"wp","href":"https:\/\/api.w.org\/{rel}","templated":true}]}}