{"id":2,"date":"2012-01-24T20:51:50","date_gmt":"2012-01-24T20:51:50","guid":{"rendered":"https:\/\/evolutt.com\/evolutt\/?page_id=2"},"modified":"2025-09-12T13:47:35","modified_gmt":"2025-09-12T13:47:35","slug":"servicios-contenidos-empresas","status":"publish","type":"page","link":"https:\/\/evolutt.com\/evolutt\/servicios-contenidos-empresas\/","title":{"rendered":"Branding, Dise\u00f1o, Contenidos y Tecnolog\u00eda"},"content":{"rendered":"<p style=\"text-align: left;\"><span style=\"color: #ff9900;\">Evolutt Agency\u00a0crea contenidos con estilo memorable para internet y asesora a las empresas sobre lo que tienen que hacer para atraer clientes\u00a0en la red aprovechando la tecnolog\u00eda.<\/span><\/p>\n<p style=\"text-align: left;\">Trabajamos codo con codo con nuestros\u00a0clientes para <span style=\"color: #ff9900;\">crear historias atractivas<\/span> sobre sus marcas y productos. Historias que se traducen en <span style=\"color: #ff9900;\">contenidos<\/span> corporativos, ilustraciones, piezas audiovisuales, juegos interactivos, microsites promocionales, aplicaciones para m\u00f3viles o cualquier otra pieza innovadora que\u00a0<span style=\"color: #ff9900;\"><span style=\"color: #888888;\">aproveche las propiedades de cada una de las<\/span> distintas plataformas<\/span><span style=\"color: #ff9900;\"> tecnol\u00f3gicas<span style=\"color: #888888;\"> para las cuales son dise\u00f1adas.<\/span><\/span><\/p>\n<p style=\"text-align: left;\"><span style=\"color: #ff9900;\"><span style=\"color: #888888;\">Nuestra\u00a0obsesi\u00f3n es producir<\/span> contenidos que destaquen entre la multitud. Con un gran componente emocional,<\/span> que activen el compromiso afectivo de los usuarios provocando <span style=\"color: #ff9900;\">mayor participaci\u00f3n<\/span><span style=\"color: #ff9900;\">\u00a0y recomendaci\u00f3n en la comunidad.<\/span>\u00a0Haciendo <span style=\"color: #ff9900;\">aumentar seguidores<\/span> que se traduce en <span style=\"color: #ff9900;\">mayor visibilidad y reputaci\u00f3n<\/span> para la empresa,<span style=\"color: #ff9900;\"> aumentando las posibilidades de venta.\u00a0<\/span>Ayudamos a los responsables de comunicaci\u00f3n de las empresas a mejorar y planificar sus contenidos para hacer crecer la comunidad y que sus usuarios est\u00e9n siempre &#8216;enganchados&#8217;.<\/p>\n<p style=\"text-align: left;\"><strong><span style=\"color: #ff9900;\">Estos son los servicios que usted puede contratar en Evolutt:<\/span><\/strong><\/p>\n<p style=\"text-align: left;\"><span style=\"color: #ff9900;\">Branding:<\/span> La imagen de su empresa\/marca. Identidad visual y relato de marca. Copywriting.<br \/>\n<span style=\"color: #ff9900;\">Direcci\u00f3n de arte:<\/span> Creaci\u00f3n y gesti\u00f3n de briefings. Direcci\u00f3n de arte.<br \/>\n<span style=\"color: #ff9900;\">Estrategia:<\/span> Planes de contenidos, Planes de participaci\u00f3n, Sistemas de recomendaci\u00f3n y fidelizaci\u00f3n.<br \/>\n<span style=\"color: #ff9900;\">Contenidos:<\/span> Creaci\u00f3n y producci\u00f3n de contenidos para comunicaci\u00f3n, eLearning y entretenimiento digital.<br \/>\n<span style=\"color: #ff9900;\">Audiovisual:<\/span> Especialistas en motion graphics y animaci\u00f3n 2D\/3D.<br \/>\n<span style=\"color: #ff9900;\">Dise\u00f1o:<\/span> Dise\u00f1o gr\u00e1fico, infograf\u00eda, ilustraci\u00f3n y gr\u00e1fica publicitaria. Dise\u00f1o web corporativo y p\u00e1ginas de venta.<br \/>\n<span style=\"color: #ff9900;\">Marketing online:<\/span> eMailing, eCommerce, SEO on-page.<br \/>\n<span style=\"color: #ff9900;\">Social Media:<\/span>\u00a0Generaci\u00f3n de contenidos, Aplicaciones sociales, Formaci\u00f3n en Community Managers.<\/p>\n<h4 class=\"et_pb_module_header\" style=\"text-align: left;\"><em>Dime tu idea. La convertiremos en un buen briefing para ofrecerte un trabajo \u00fanico y funcional.<\/em><\/h4>\n<div class=\"et_pb_blurb_description\" style=\"text-align: left;\"><strong>Contacto directo:<\/strong><br \/>\nKico F. Uribe<br \/>\nTel. 616 929 640<\/div>\n<div><\/div>\n<p style=\"text-align: left;\">\n","protected":false},"excerpt":{"rendered":"<p>Evolutt Agency\u00a0crea contenidos con estilo memorable para internet y asesora a las empresas sobre lo que tienen que hacer para atraer clientes\u00a0en la red aprovechando la tecnolog\u00eda. Trabajamos codo con codo con nuestros\u00a0clientes para crear historias atractivas sobre sus marcas y productos. Historias que se traducen en contenidos corporativos, ilustraciones, piezas audiovisuales, juegos interactivos, microsites [&hellip;]<\/p>\n","protected":false},"author":1,"featured_media":0,"parent":0,"menu_order":0,"comment_status":"open","ping_status":"closed","template":"","meta":{"_et_pb_use_builder":"","_et_pb_old_content":"","_et_gb_content_width":"","footnotes":""},"class_list":["post-2","page","type-page","status-publish","hentry"],"_links":{"self":[{"href":"https:\/\/evolutt.com\/evolutt\/wp-json\/wp\/v2\/pages\/2","targetHints":{"allow":["GET"]}}],"collection":[{"href":"https:\/\/evolutt.com\/evolutt\/wp-json\/wp\/v2\/pages"}],"about":[{"href":"https:\/\/evolutt.com\/evolutt\/wp-json\/wp\/v2\/types\/page"}],"author":[{"embeddable":true,"href":"https:\/\/evolutt.com\/evolutt\/wp-json\/wp\/v2\/users\/1"}],"replies":[{"embeddable":true,"href":"https:\/\/evolutt.com\/evolutt\/wp-json\/wp\/v2\/comments?post=2"}],"version-history":[{"count":78,"href":"https:\/\/evolutt.com\/evolutt\/wp-json\/wp\/v2\/pages\/2\/revisions"}],"predecessor-version":[{"id":2680,"href":"https:\/\/evolutt.com\/evolutt\/wp-json\/wp\/v2\/pages\/2\/revisions\/2680"}],"wp:attachment":[{"href":"https:\/\/evolutt.com\/evolutt\/wp-json\/wp\/v2\/media?parent=2"}],"curies":[{"name":"wp","href":"https:\/\/api.w.org\/{rel}","templated":true}]}}